{"id":9404,"date":"2022-11-23T20:02:28","date_gmt":"2022-11-23T19:02:28","guid":{"rendered":"https:\/\/www.tejidosanacordoba.es\/?post_type=product&#038;p=9404"},"modified":"2024-12-13T19:08:28","modified_gmt":"2024-12-13T18:08:28","slug":"46-azul-claro","status":"publish","type":"product","link":"https:\/\/www.tejidosanacordoba.es\/index.php\/producto\/46-azul-claro\/","title":{"rendered":"46 &#8211; Azul claro"},"content":{"rendered":"","protected":false},"excerpt":{"rendered":"<div class=\"description-product sidebar-box\">\n<p>100% Algod\u00f3n<br \/>\n50 grs<\/p>\n<p>Cotton 100% es un hilo suave y mate disponible en muchos colores lisos.<br \/>\nHilo de algod\u00f3n para hacer alegres chaquetas de ni\u00f1o, frescos jers\u00e9is de punto o chalecos calados de primavera y verano.<br \/>\nCon Cotton 100% se pueden realizar originales amigurumis.<\/p>\n<\/div>\n<div class=\"description-product sidebar-box\">\n<p>Cada ovillo tiene 50 gramos y 120 metros. Este hilo es de grosor medio, recomendamos usar agujas del 3-3,5 o ganchillo del 2,5-3.<br \/>\nPara realizar un jersey de mujer de manga corta talla 42 se necesitan 7 ovillos.<br \/>\nLavable a m\u00e1quina hasta 30\u00baC. No usar secadora.<\/p>\n<p>Los colores pueden variar seg\u00fan el dispositivo con el que se vean.<\/p>\n<p>Para mas unidades de este producto, consulte con nuestra tienda a trav\u00e9s de correo electr\u00f3nico tejidos.ana.cordoba@gmail.com o WhatsApp 640 55 62 77.<\/p>\n<\/div>\n","protected":false},"featured_media":9393,"comment_status":"open","ping_status":"closed","template":"","meta":[],"product_brand":[],"product_cat":[123],"product_tag":[],"class_list":{"0":"post-9404","1":"product","2":"type-product","3":"status-publish","4":"has-post-thumbnail","6":"product_cat-cotton-100-lanas-katia","8":"first","9":"instock","10":"taxable","11":"shipping-taxable","12":"purchasable","13":"product-type-simple","14":"add-to-wishlist-after_add_to_cart"},"jetpack_sharing_enabled":true,"_links":{"self":[{"href":"https:\/\/www.tejidosanacordoba.es\/index.php\/wp-json\/wp\/v2\/product\/9404","targetHints":{"allow":["GET"]}}],"collection":[{"href":"https:\/\/www.tejidosanacordoba.es\/index.php\/wp-json\/wp\/v2\/product"}],"about":[{"href":"https:\/\/www.tejidosanacordoba.es\/index.php\/wp-json\/wp\/v2\/types\/product"}],"replies":[{"embeddable":true,"href":"https:\/\/www.tejidosanacordoba.es\/index.php\/wp-json\/wp\/v2\/comments?post=9404"}],"version-history":[{"count":4,"href":"https:\/\/www.tejidosanacordoba.es\/index.php\/wp-json\/wp\/v2\/product\/9404\/revisions"}],"predecessor-version":[{"id":12980,"href":"https:\/\/www.tejidosanacordoba.es\/index.php\/wp-json\/wp\/v2\/product\/9404\/revisions\/12980"}],"wp:featuredmedia":[{"embeddable":true,"href":"https:\/\/www.tejidosanacordoba.es\/index.php\/wp-json\/wp\/v2\/media\/9393"}],"wp:attachment":[{"href":"https:\/\/www.tejidosanacordoba.es\/index.php\/wp-json\/wp\/v2\/media?parent=9404"}],"wp:term":[{"taxonomy":"product_brand","embeddable":true,"href":"https:\/\/www.tejidosanacordoba.es\/index.php\/wp-json\/wp\/v2\/product_brand?post=9404"},{"taxonomy":"product_cat","embeddable":true,"href":"https:\/\/www.tejidosanacordoba.es\/index.php\/wp-json\/wp\/v2\/product_cat?post=9404"},{"taxonomy":"product_tag","embeddable":true,"href":"https:\/\/www.tejidosanacordoba.es\/index.php\/wp-json\/wp\/v2\/product_tag?post=9404"}],"curies":[{"name":"wp","href":"https:\/\/api.w.org\/{rel}","templated":true}]}}