{"id":9496,"date":"2023-01-17T18:31:11","date_gmt":"2023-01-17T17:31:11","guid":{"rendered":"https:\/\/www.tejidosanacordoba.es\/?post_type=product&#038;p=9496"},"modified":"2023-01-17T18:35:14","modified_gmt":"2023-01-17T17:35:14","slug":"82057-amarillo","status":"publish","type":"product","link":"https:\/\/www.tejidosanacordoba.es\/index.php\/producto\/82057-amarillo\/","title":{"rendered":"82057 &#8211; Amarillo"},"content":{"rendered":"","protected":false},"excerpt":{"rendered":"<div class=\"elementor-element elementor-element-ad7be41 elementor-widget elementor-widget-woocommerce-product-short-description\" data-id=\"ad7be41\" data-element_type=\"widget\" data-widget_type=\"woocommerce-product-short-description.default\">\n<div class=\"elementor-widget-container\">\n<div class=\"woocommerce-product-details__short-description\">\n<p>100% Algod\u00f3n Mercerizado<br \/>\n50 grs<\/p>\n<div class=\"description-product sidebar-box\">\n<p>Algod\u00f3n ligero, con brillo y con una amplia carta de colores.<br \/>\nCapri es un hilo agradable y c\u00f3modo para vestidos de punto, jers\u00e9is de verano o tops de ni\u00f1a.<br \/>\nIdeal como algod\u00f3n mercerizado para amigurumis.<\/p>\n<\/div>\n<div class=\"description-product sidebar-box\">\n<p>Cada ovillo tiene 50 gramos y 125 metros. Este hilo es de grosor fino, recomendamos usar agujas del 2,5-3 o ganchillo del 2.<br \/>\nPara realizar un jersey de mujer de manga corta talla 42 se necesitan 8 ovillos.<br \/>\nLavable a m\u00e1quina hasta 30\u00baC. No usar secadora.<\/p>\n<p>Los colores pueden variar seg\u00fan el dispositivo con el que se vean.<\/p>\n<\/div>\n<\/div>\n<\/div>\n<\/div>\n<div class=\"elementor-element elementor-element-8111d5e elementor-widget elementor-widget-woocommerce-product-add-to-cart\" data-id=\"8111d5e\" data-element_type=\"widget\" data-widget_type=\"woocommerce-product-add-to-cart.default\">\n<div class=\"elementor-widget-container\">\n<div class=\"elementor-add-to-cart elementor-product-simple\">\n<form class=\"cart\" action=\"https:\/\/www.tejidosanacordoba.es\/index.php\/producto\/82053-gris-piedra\/\" enctype=\"multipart\/form-data\" method=\"post\">\n<div class=\"quantity\"><\/div>\n<\/form>\n<\/div>\n<\/div>\n<\/div>\n","protected":false},"featured_media":9478,"comment_status":"open","ping_status":"closed","template":"","meta":[],"product_brand":[],"product_cat":[122],"product_tag":[],"class_list":{"0":"post-9496","1":"product","2":"type-product","3":"status-publish","4":"has-post-thumbnail","6":"product_cat-capri-lanas-katia","8":"first","9":"instock","10":"taxable","11":"shipping-taxable","12":"purchasable","13":"product-type-simple","14":"add-to-wishlist-after_add_to_cart"},"jetpack_sharing_enabled":true,"_links":{"self":[{"href":"https:\/\/www.tejidosanacordoba.es\/index.php\/wp-json\/wp\/v2\/product\/9496","targetHints":{"allow":["GET"]}}],"collection":[{"href":"https:\/\/www.tejidosanacordoba.es\/index.php\/wp-json\/wp\/v2\/product"}],"about":[{"href":"https:\/\/www.tejidosanacordoba.es\/index.php\/wp-json\/wp\/v2\/types\/product"}],"replies":[{"embeddable":true,"href":"https:\/\/www.tejidosanacordoba.es\/index.php\/wp-json\/wp\/v2\/comments?post=9496"}],"version-history":[{"count":1,"href":"https:\/\/www.tejidosanacordoba.es\/index.php\/wp-json\/wp\/v2\/product\/9496\/revisions"}],"predecessor-version":[{"id":9497,"href":"https:\/\/www.tejidosanacordoba.es\/index.php\/wp-json\/wp\/v2\/product\/9496\/revisions\/9497"}],"wp:featuredmedia":[{"embeddable":true,"href":"https:\/\/www.tejidosanacordoba.es\/index.php\/wp-json\/wp\/v2\/media\/9478"}],"wp:attachment":[{"href":"https:\/\/www.tejidosanacordoba.es\/index.php\/wp-json\/wp\/v2\/media?parent=9496"}],"wp:term":[{"taxonomy":"product_brand","embeddable":true,"href":"https:\/\/www.tejidosanacordoba.es\/index.php\/wp-json\/wp\/v2\/product_brand?post=9496"},{"taxonomy":"product_cat","embeddable":true,"href":"https:\/\/www.tejidosanacordoba.es\/index.php\/wp-json\/wp\/v2\/product_cat?post=9496"},{"taxonomy":"product_tag","embeddable":true,"href":"https:\/\/www.tejidosanacordoba.es\/index.php\/wp-json\/wp\/v2\/product_tag?post=9496"}],"curies":[{"name":"wp","href":"https:\/\/api.w.org\/{rel}","templated":true}]}}