{"id":9793,"date":"2023-02-20T20:21:39","date_gmt":"2023-02-20T19:21:39","guid":{"rendered":"https:\/\/www.tejidosanacordoba.es\/?post_type=product&#038;p=9793"},"modified":"2023-02-20T20:21:40","modified_gmt":"2023-02-20T19:21:40","slug":"tejido-de-sudadera-neon-sweat-neon-yellow","status":"publish","type":"product","link":"https:\/\/www.tejidosanacordoba.es\/index.php\/producto\/tejido-de-sudadera-neon-sweat-neon-yellow\/","title":{"rendered":"TEJIDO DE SUDADERA NEON SWEAT NEON YELLOW"},"content":{"rendered":"","protected":false},"excerpt":{"rendered":"<p>55% Poli\u00e9ster &#8211; 40% Algod\u00f3n &#8211; 5% Elast\u00e1n<\/p>\n<p>-Aguja para Jersey (SUK \/ Ball point), grosor: 80\/90.<br \/>\n-Planchar a temperatura suave para tejidos sint\u00e9ticos.<\/p>\n<p>155cm &#8211; 250gr\/mt2<\/p>\n<p>Tejido de sudadera en color amarillo ne\u00f3n. El tejido de sudadera Neon Sweat Neon Yellow es una tela de felpa de algod\u00f3n con un 5 % de elast\u00e1n para aportarle mayor confort y elasticidad. Adem\u00e1s tiene, como el resto de tejidos de sudadera de Katia Fabrics, el certificado Standard 100 de Oeko-Tex por que es muy adecuada para pieles sensibles. Es una tela de felpa ideal para coser prendas c\u00f3modas y confortables para primavera como sudaderas, pantalones de deporte o chaquetas o pijamas.<\/p>\n","protected":false},"featured_media":9792,"comment_status":"open","ping_status":"closed","template":"","meta":[],"product_brand":[],"product_cat":[96,75],"product_tag":[],"class_list":{"0":"post-9793","1":"product","2":"type-product","3":"status-publish","4":"has-post-thumbnail","6":"product_cat-katia","7":"product_cat-puntos-mezcla","9":"first","10":"instock","11":"taxable","12":"shipping-taxable","13":"purchasable","14":"product-type-simple","15":"add-to-wishlist-after_add_to_cart"},"jetpack_sharing_enabled":true,"_links":{"self":[{"href":"https:\/\/www.tejidosanacordoba.es\/index.php\/wp-json\/wp\/v2\/product\/9793","targetHints":{"allow":["GET"]}}],"collection":[{"href":"https:\/\/www.tejidosanacordoba.es\/index.php\/wp-json\/wp\/v2\/product"}],"about":[{"href":"https:\/\/www.tejidosanacordoba.es\/index.php\/wp-json\/wp\/v2\/types\/product"}],"replies":[{"embeddable":true,"href":"https:\/\/www.tejidosanacordoba.es\/index.php\/wp-json\/wp\/v2\/comments?post=9793"}],"version-history":[{"count":1,"href":"https:\/\/www.tejidosanacordoba.es\/index.php\/wp-json\/wp\/v2\/product\/9793\/revisions"}],"predecessor-version":[{"id":9794,"href":"https:\/\/www.tejidosanacordoba.es\/index.php\/wp-json\/wp\/v2\/product\/9793\/revisions\/9794"}],"wp:featuredmedia":[{"embeddable":true,"href":"https:\/\/www.tejidosanacordoba.es\/index.php\/wp-json\/wp\/v2\/media\/9792"}],"wp:attachment":[{"href":"https:\/\/www.tejidosanacordoba.es\/index.php\/wp-json\/wp\/v2\/media?parent=9793"}],"wp:term":[{"taxonomy":"product_brand","embeddable":true,"href":"https:\/\/www.tejidosanacordoba.es\/index.php\/wp-json\/wp\/v2\/product_brand?post=9793"},{"taxonomy":"product_cat","embeddable":true,"href":"https:\/\/www.tejidosanacordoba.es\/index.php\/wp-json\/wp\/v2\/product_cat?post=9793"},{"taxonomy":"product_tag","embeddable":true,"href":"https:\/\/www.tejidosanacordoba.es\/index.php\/wp-json\/wp\/v2\/product_tag?post=9793"}],"curies":[{"name":"wp","href":"https:\/\/api.w.org\/{rel}","templated":true}]}}